{"id":19012,"date":"2023-05-30T20:43:44","date_gmt":"2023-05-30T23:43:44","guid":{"rendered":"https:\/\/www.cardenalspinola.com.ar\/v3\/?page_id=19012"},"modified":"2024-05-15T20:21:55","modified_gmt":"2024-05-15T23:21:55","slug":"horarios","status":"publish","type":"page","link":"https:\/\/www.cardenalspinola.com.ar\/v3\/horarios\/","title":{"rendered":"Horarios"},"content":{"rendered":"<p><span style=\"font-weight: 400;\">El Colegio ofrece la opci\u00f3n de <\/span><b>jornada simple <\/b><span style=\"font-weight: 400;\">o <\/span><b>jornada completa<\/b><span style=\"font-weight: 400;\"> en todos sus niveles.<\/span><\/p>\n<h4><b>Nivel Inicial<\/b><\/h4>\n<p><b>Jornada completa:<\/b><span style=\"font-weight: 400;\"> De 8 a 16 h<\/span><span style=\"font-weight: 400;\"><br \/>\n<\/span><b>Jornada Simple:<\/b><span style=\"font-weight: 400;\"> De 8 A 12.20 h<\/span><\/p>\n<h4><b>Nivel Primario<\/b><\/h4>\n<p><b>Jornada completa:<\/b><span style=\"font-weight: 400;\"> 8 a 16 h<\/span><span style=\"font-weight: 400;\"><br \/>\n<\/span><b>Jornada simple:<\/b><span style=\"font-weight: 400;\"> 8 a 12.30 h<\/span><\/p>\n<h4><b>Nivel Secundario<\/b><\/h4>\n<p><b>Jornada completa*:<br \/>\n<\/b><span style=\"font-weight: 400;\">8 a 16 h <\/span><span style=\"font-weight: 400;\">(Con excepci\u00f3n de un d\u00eda que se retiran a las 15.30 h)<br \/>\n<\/span><em><span style=\"font-weight: 400;\">*Se prepara a los\/as estudiantes para rendir los ex\u00e1menes PET, FCE y CAE de la <\/span><b>Universidad de Cambridge<\/b><span style=\"font-weight: 400;\"> con el fin de validar los conocimientos adquiridos con certificaciones de nivel Internacional.<\/span><\/em><\/p>\n<p><b>Jornada simple:<br \/>\n<\/b><span style=\"font-weight: 400;\">1\u00ba a 3\u00ba a\u00f1o:<\/span> <span style=\"font-weight: 400;\">\u00a08 a 13 h + un d\u00eda que se retiran a las 15.30 h<br \/>\n<\/span>4\u00b0 a 6\u00b0 a\u00f1o: 8 a 13 o 14 h (dependiendo del a\u00f1o en curso y la orientaci\u00f3n elegida) + un d\u00eda que se retiran a las 15.30 h<\/p>\n","protected":false},"excerpt":{"rendered":"<p>El Colegio ofrece la opci\u00f3n de jornada simple o jornada completa en todos sus niveles. Nivel Inicial Jornada completa: De 8 a 16 h Jornada Simple: De 8 A 12.20 h Nivel Primario Jornada completa: 8 a 16 h Jornada simple: 8 a 12.30 h Nivel Secundario Jornada completa*: 8 a 16 h (Con excepci\u00f3n [&hellip;]<\/p>\n","protected":false},"author":1,"featured_media":0,"parent":0,"menu_order":0,"comment_status":"closed","ping_status":"closed","template":"","meta":[],"_links":{"self":[{"href":"https:\/\/www.cardenalspinola.com.ar\/v3\/wp-json\/wp\/v2\/pages\/19012"}],"collection":[{"href":"https:\/\/www.cardenalspinola.com.ar\/v3\/wp-json\/wp\/v2\/pages"}],"about":[{"href":"https:\/\/www.cardenalspinola.com.ar\/v3\/wp-json\/wp\/v2\/types\/page"}],"author":[{"embeddable":true,"href":"https:\/\/www.cardenalspinola.com.ar\/v3\/wp-json\/wp\/v2\/users\/1"}],"replies":[{"embeddable":true,"href":"https:\/\/www.cardenalspinola.com.ar\/v3\/wp-json\/wp\/v2\/comments?post=19012"}],"version-history":[{"count":3,"href":"https:\/\/www.cardenalspinola.com.ar\/v3\/wp-json\/wp\/v2\/pages\/19012\/revisions"}],"predecessor-version":[{"id":19078,"href":"https:\/\/www.cardenalspinola.com.ar\/v3\/wp-json\/wp\/v2\/pages\/19012\/revisions\/19078"}],"wp:attachment":[{"href":"https:\/\/www.cardenalspinola.com.ar\/v3\/wp-json\/wp\/v2\/media?parent=19012"}],"curies":[{"name":"wp","href":"https:\/\/api.w.org\/{rel}","templated":true}]}}