{"id":18971,"date":"2023-05-27T18:15:35","date_gmt":"2023-05-27T21:15:35","guid":{"rendered":"https:\/\/www.cardenalspinola.com.ar\/v3\/?page_id=18971"},"modified":"2025-05-24T12:31:48","modified_gmt":"2025-05-24T15:31:48","slug":"ingresos-2","status":"publish","type":"page","link":"https:\/\/www.cardenalspinola.com.ar\/v3\/ingresos-2\/","title":{"rendered":"Ingresos 2026"},"content":{"rendered":"<h3><span style=\"color: #ff0000;\"><b>Ingresos 2026<\/b><\/span><\/h3>\n<h3><b>Las inscripciones para el ciclo lectivo 2026 se encuentran abiertas, el primer paso es exclusivamente online.\u00a0<\/b><\/h3>\n<p><span style=\"font-weight: 400;\">Solicit\u00e1 una entrevista completando el siguiente <\/span><a href=\"https:\/\/forms.gle\/48cpyo8GmQCNbTEG9\" target=\"_blank\" rel=\"noopener\"><span style=\"font-weight: 400;\">formulario<\/span><\/a><\/p>\n<h4><b>Informaci\u00f3n sobre horarios y aranceles:<\/b><\/h4>\n<p><span style=\"font-weight: 400;\">El Colegio ofrece la opci\u00f3n de <\/span><b>jornada simple <\/b><span style=\"font-weight: 400;\">o <\/span><b>jornada completa<\/b><span style=\"font-weight: 400;\"> en todos sus niveles.<\/span><\/p>\n<h4><b>Nivel Inicial<\/b><\/h4>\n<p><b><span style=\"color: #ff0000;\">A partir de 2026, abrimos sala de 2 a\u00f1os.<\/span> M\u00e1s info <a href=\"https:\/\/www.cardenalspinola.com.ar\/v3\/wp-content\/uploads\/2025\/05\/Informacion-sala-de-2-anos.pdf\" target=\"_blank\" rel=\"noopener\">aqu\u00ed<\/a>.<br \/>\n<\/b><b>Jornada completa:<\/b><span style=\"font-weight: 400;\"> De 8 a 16 h<\/span><span style=\"font-weight: 400;\"><br \/>\n<\/span><b>Jornada Simple:<\/b><span style=\"font-weight: 400;\"> De 8 A 12.20 h<\/span><\/p>\n<h4><b>Nivel Primario<\/b><\/h4>\n<p><b>Jornada completa:<\/b><span style=\"font-weight: 400;\"> 8 a 16 h<\/span><span style=\"font-weight: 400;\"><br \/>\n<\/span><b>Jornada simple:<\/b><span style=\"font-weight: 400;\"> 8 a 12.30 h<\/span><\/p>\n<h4><b>Nivel Secundario<\/b><\/h4>\n<p><b>Jornada completa*:<br \/>\n<\/b><span style=\"font-weight: 400;\">8 a 16 h <\/span><span style=\"font-weight: 400;\">(Con excepci\u00f3n de un d\u00eda que se retiran a las 15.30 h)<br \/>\n<\/span><em><span style=\"font-weight: 400;\">*Se prepara a los\/as estudiantes para rendir los ex\u00e1menes PET, FCE y CAE de la <\/span><b>Universidad de Cambridge<\/b><span style=\"font-weight: 400;\"> con el fin de validar los conocimientos adquiridos con certificaciones de nivel Internacional.<\/span><\/em><\/p>\n<p><b>Jornada simple:<br \/>\n<\/b><span style=\"font-weight: 400;\">1\u00ba a 3\u00ba a\u00f1o:<\/span> <span style=\"font-weight: 400;\">\u00a08 a 13 h + un d\u00eda que se retiran a las 15.30 h<br \/>\n<\/span>4\u00b0 a 6\u00b0 a\u00f1o: 8 a 13 o 14 h (dependiendo del a\u00f1o en curso y la orientaci\u00f3n elegida) + un d\u00eda que se retiran a las 15.30 h<\/p>\n<h4><a href=\"https:\/\/www.cardenalspinola.com.ar\/v3\/wp-content\/uploads\/2025\/05\/ARANCELES-MAYO-2025-INSCRIPCIONES.pdf\" target=\"_blank\" rel=\"noopener\"><b>&gt;&gt;Aranceles vigentes<\/b><\/a><\/h4>\n<h3><b>Consultas<\/b><\/h3>\n<p><b>El equipo de conducci\u00f3n est\u00e1 a disposici\u00f3n para otras dudas y consultas:<\/b><\/p>\n<ul>\n<li style=\"font-weight: 400;\" aria-level=\"1\"><span style=\"font-weight: 400;\">Nivel Inicial: <\/span><a href=\"https:\/\/www.cardenalspinola.com.ar\/v3\/ingresos\/inicial@cardenalspinola.com.ar\"><span style=\"font-weight: 400;\">inicial@cardenalspinola.com.ar<\/span><\/a><\/li>\n<li style=\"font-weight: 400;\" aria-level=\"1\"><span style=\"font-weight: 400;\">Nivel Primario: <\/span><a href=\"mailto:primario@cardenalspinola.com.ar\"><span style=\"font-weight: 400;\">primario@cardenalspinola.com.ar<\/span><\/a><\/li>\n<li style=\"font-weight: 400;\" aria-level=\"1\"><span style=\"font-weight: 400;\">Nivel Secundario: <\/span><a href=\"mailto:secundario@cardenalspinola.com.ar\"><span style=\"font-weight: 400;\">secundario@cardenalspinola.com.ar<\/span><\/a><\/li>\n<li style=\"font-weight: 400;\" aria-level=\"1\"><span style=\"font-weight: 400;\">School of English: <\/span><a href=\"mailto:ingles@cardenalspinola.com.ar\"><span style=\"font-weight: 400;\">ingles@cardenalspinola.com.ar<\/span><\/a><\/li>\n<li style=\"font-weight: 400;\" aria-level=\"1\"><span style=\"font-weight: 400;\">Administraci\u00f3n: <\/span><a href=\"mailto:administracion@cardenalspinola.com.ar\"><span style=\"font-weight: 400;\">administracion@cardenalspinola.com.ar<\/span><\/a><\/li>\n<\/ul>\n","protected":false},"excerpt":{"rendered":"<p>Ingresos 2026 Las inscripciones para el ciclo lectivo 2026 se encuentran abiertas, el primer paso es exclusivamente online.\u00a0 Solicit\u00e1 una entrevista completando el siguiente formulario Informaci\u00f3n sobre horarios y aranceles: El Colegio ofrece la opci\u00f3n de jornada simple o jornada completa en todos sus niveles. Nivel Inicial A partir de 2026, abrimos sala de 2 [&hellip;]<\/p>\n","protected":false},"author":1,"featured_media":0,"parent":0,"menu_order":0,"comment_status":"closed","ping_status":"closed","template":"","meta":[],"_links":{"self":[{"href":"https:\/\/www.cardenalspinola.com.ar\/v3\/wp-json\/wp\/v2\/pages\/18971"}],"collection":[{"href":"https:\/\/www.cardenalspinola.com.ar\/v3\/wp-json\/wp\/v2\/pages"}],"about":[{"href":"https:\/\/www.cardenalspinola.com.ar\/v3\/wp-json\/wp\/v2\/types\/page"}],"author":[{"embeddable":true,"href":"https:\/\/www.cardenalspinola.com.ar\/v3\/wp-json\/wp\/v2\/users\/1"}],"replies":[{"embeddable":true,"href":"https:\/\/www.cardenalspinola.com.ar\/v3\/wp-json\/wp\/v2\/comments?post=18971"}],"version-history":[{"count":5,"href":"https:\/\/www.cardenalspinola.com.ar\/v3\/wp-json\/wp\/v2\/pages\/18971\/revisions"}],"predecessor-version":[{"id":18973,"href":"https:\/\/www.cardenalspinola.com.ar\/v3\/wp-json\/wp\/v2\/pages\/18971\/revisions\/18973"}],"wp:attachment":[{"href":"https:\/\/www.cardenalspinola.com.ar\/v3\/wp-json\/wp\/v2\/media?parent=18971"}],"curies":[{"name":"wp","href":"https:\/\/api.w.org\/{rel}","templated":true}]}}