{"id":16153,"date":"2020-07-11T04:29:05","date_gmt":"2020-07-11T07:29:05","guid":{"rendered":"http:\/\/www.cardenalspinola.com.ar\/v3\/?page_id=16153"},"modified":"2020-07-11T04:48:30","modified_gmt":"2020-07-11T07:48:30","slug":"talleres","status":"publish","type":"page","link":"https:\/\/www.cardenalspinola.com.ar\/v3\/proyecto-educativo\/nivel-primario\/talleres\/","title":{"rendered":"Talleres"},"content":{"rendered":"<p><span style=\"font-weight: 400;\">La propuesta de contraturno incluye escuela de ingl\u00e9s intensivo, tres veces por semana y se complementa con talleres tales como Expresi\u00f3n corporal, Arte, Ciencia y tecnolog\u00eda, Mindfulness y <\/span><span style=\"font-weight: 400;\">Coro.<\/span><\/p>\n<p><span style=\"font-weight: 400;\">Los talleres de expresi\u00f3n corporal y musical como el de\u00a0 artes visuales, fomentan la creatividad desarrollando\u00a0 fortaleciendo otras capacidades f\u00edsicas, intelectuales y afectivas. Crean un espacio donde se pueda sentir, expresar y descubrir nuevas formas de disfrutar.\u00a0<\/span><\/p>\n<p><span style=\"font-weight: 400;\">En el espacio de\u00a0 Mindfulness desarrollamos t\u00e9cnicas para potenciar la atenci\u00f3n y la respiraci\u00f3n en un ambiente amigable.<\/span><\/p>\n<p><span style=\"font-weight: 400;\">Con el objetivo de fomentar la creatividad en la resoluci\u00f3n de situaciones cotidianas pensamos en el taller de Ciencia y Tecnolog\u00eda donde aplicando recursos tecnol\u00f3gicos construimos posibles soluciones.\u00a0<\/span><\/p>\n","protected":false},"excerpt":{"rendered":"<p>La propuesta de contraturno incluye escuela de ingl\u00e9s intensivo, tres veces por semana y se complementa con talleres tales como Expresi\u00f3n corporal, Arte, Ciencia y tecnolog\u00eda, Mindfulness y Coro. Los talleres de expresi\u00f3n corporal y musical como el de\u00a0 artes visuales, fomentan la creatividad desarrollando\u00a0 fortaleciendo otras capacidades f\u00edsicas, intelectuales y afectivas. Crean un espacio [&hellip;]<\/p>\n","protected":false},"author":1,"featured_media":0,"parent":3886,"menu_order":0,"comment_status":"closed","ping_status":"closed","template":"","meta":[],"_links":{"self":[{"href":"https:\/\/www.cardenalspinola.com.ar\/v3\/wp-json\/wp\/v2\/pages\/16153"}],"collection":[{"href":"https:\/\/www.cardenalspinola.com.ar\/v3\/wp-json\/wp\/v2\/pages"}],"about":[{"href":"https:\/\/www.cardenalspinola.com.ar\/v3\/wp-json\/wp\/v2\/types\/page"}],"author":[{"embeddable":true,"href":"https:\/\/www.cardenalspinola.com.ar\/v3\/wp-json\/wp\/v2\/users\/1"}],"replies":[{"embeddable":true,"href":"https:\/\/www.cardenalspinola.com.ar\/v3\/wp-json\/wp\/v2\/comments?post=16153"}],"version-history":[{"count":2,"href":"https:\/\/www.cardenalspinola.com.ar\/v3\/wp-json\/wp\/v2\/pages\/16153\/revisions"}],"predecessor-version":[{"id":16161,"href":"https:\/\/www.cardenalspinola.com.ar\/v3\/wp-json\/wp\/v2\/pages\/16153\/revisions\/16161"}],"up":[{"embeddable":true,"href":"https:\/\/www.cardenalspinola.com.ar\/v3\/wp-json\/wp\/v2\/pages\/3886"}],"wp:attachment":[{"href":"https:\/\/www.cardenalspinola.com.ar\/v3\/wp-json\/wp\/v2\/media?parent=16153"}],"curies":[{"name":"wp","href":"https:\/\/api.w.org\/{rel}","templated":true}]}}